{"id":243,"date":"2016-02-04T21:33:00","date_gmt":"2016-02-04T20:33:00","guid":{"rendered":"http:\/\/77.160.118.7\/twinwindwp.nl\/?page_id=243"},"modified":"2018-05-24T14:40:47","modified_gmt":"2018-05-24T13:40:47","slug":"algemene-voorwaarden","status":"publish","type":"page","link":"https:\/\/www.twinwind.nl\/?page_id=243","title":{"rendered":"Algemene voorwaarden"},"content":{"rendered":"<p><strong>LEVERINGSVOORWAARDEN VOOR OPDRACHTEN AAN EXPERTS EN TAXATEURS<\/strong><\/p>\n<p style=\"text-align: left;\"><strong>1 \u00a0 \u00a0 \u00a0 \u00a0ALGEMEEN<\/strong><\/p>\n<p>1.1\u00a0\u00a0\u00a0\u00a0 De onderhavige voorwaarden zijn, tenzij uitdrukkelijk schriftelijk anders is overeengekomen, van toepassing op alle aanbiedingen, aanvragen, opdrachten en overeenkomsten, alsmede op de uitvoering van opdrachten door het expertisebureau, alsmede op al hetgeen zich, naar aanleiding van of in verband met die aanbiedingen en\/of opdrachten, mocht voordoen.<\/p>\n<p>1.2\u00a0\u00a0\u00a0\u00a0 Verwijst de opdrachtgever bij het sluiten van de overeenkomst naar zijn eigen algemene voorwaarden, dan wijst het expertisebureau deze nu voor alsdan van de hand, behoudens het geval waarin het expertisebureau schriftelijk uitdrukkelijk te kennen geeft deze voorwaarden te accepteren.<\/p>\n<p>1.3\u00a0\u00a0\u00a0\u00a0 Waar in deze algemene voorwaarden sprake is van \u2018de opdrachtgever\u2019, zijn daaronder mede begrepen alle opdrachtgevers, die tezamen \u00e9\u00e9n opdracht hebben gegeven, alsmede zijn of hun gemachtigden.<\/p>\n<p><strong>2 \u00a0 \u00a0 \u00a0OPDRACHT<\/strong><\/p>\n<p>Een opdracht heeft slechts betrekking op het daarbij aangegeven doel; er kan geen gevolg voor enig ander doel aan worden verbonden.<\/p>\n<p><strong>3 \u00a0 \u00a0 \u00a0 OPDRACHTBEVESTIGING \/ OVEREENKOMST<\/strong><\/p>\n<p>3.1\u00a0\u00a0\u00a0\u00a0 De overeenkomst komt eerst tot stand door een schriftelijke bevestiging van de opdracht door het expertisebureau aan de opdrachtgever, met aanduiding van het betreffende object of schadegeval, tenzij de opdrachtgever de opdracht, voldoende duidelijk omschreven, schriftelijk heeft verstrekt of bevestigd.<\/p>\n<p>3.2\u00a0\u00a0\u00a0\u00a0 Wijzigingen in de overeenkomst zijn slechts bindend indien deze schriftelijk door het expertisebureau zijn bevestigd en\/of akkoord bevonden.<\/p>\n<p><strong>4 \u00a0 \u00a0 \u00a0 VERPLICHTINGEN VAN HET EXPERTISEBUREAU<\/strong><\/p>\n<p>Het expertisebureau zal de door haar aanvaarde opdracht naar beste weten en kunnen vervullen,<\/p>\n<p>nauwgezet en onbevooroordeeld, zoals dat van een onpartijdig expert en vertrouwensman mag worden verwacht.<\/p>\n<p><strong>5 \u00a0 \u00a0 \u00a0 DESKUNDIGEN<\/strong><\/p>\n<p>5.1\u00a0\u00a0\u00a0\u00a0 Indien en voor zover het expertisebureau dat nodig acht voor deugdelijke uitvoering van de opdracht, zal zij zich kunnen doen bijstaan door \u00e9\u00e9n of meer deskundigen.<\/p>\n<p>5.2\u00a0\u00a0\u00a0\u00a0 Het expertisebureau zal bij selectie van derden de nodige zorgvuldigheid in acht nemen. Het expertisebureau is niet aansprakelijk voor tekortkomingen van deze derden en is gerechtigd zonder voorafgaand overleg met de opdrachtgever (mede) namens de opdrachtgever een eventuele aansprakelijkheidsbeperking van de zijde van door hem ingeschakelde derden te aanvaarden.<\/p>\n<p><strong>6 \u00a0 \u00a0 \u00a0 \u00a0GEHEIMHOUDING<\/strong><\/p>\n<p>6.1\u00a0\u00a0\u00a0\u00a0 Het expertisebureau is verplicht tot geheimhouding jegens derden van al hetgeen haar, in het kader van de opdracht, ter kennis is gebracht of gekomen, alsmede van de inhoud van haar rapport aan de opdrachtgever; dit alles behoudens de noodzaak, tot behoorlijke uitvoering van de opdracht, tot de aanwijzing door het expertisebureau van \u00e9\u00e9n of meer deskundigen.<\/p>\n<p>6.2\u00a0\u00a0\u00a0\u00a0 Indien het expertisebureau \u00e9\u00e9n of meer deskundigen heeft aangewezen, zal zij aan deze deskundige(n) een geheimhoudingsplicht, als genoemd in lid 1 van dit artikel, opleggen.<\/p>\n<p>6.3\u00a0\u00a0\u00a0\u00a0 De opdrachtgever zal alle rapporten etc., die hij terzake van het expertisebureau ontvangt, als strikt vertrouwelijk behandelen en deze niet anders gebruiken dan waarvoor zij bedoeld zijn.<\/p>\n<p><strong>7 \u00a0 \u00a0 \u00a0 CONDITIES VOOR UITVOERING VAN OPDRACHT<\/strong><\/p>\n<p>De opdrachtgever dient er voor zorg te dragen dat de opdracht onder zodanige condities kan geschieden, als de aard van de opdracht redelijkerwijs met zich meebrengt.<\/p>\n<p><strong>8 \u00a0 \u00a0 \u00a0 GEGEVENS VAN OPDRACHTGEVER<\/strong><\/p>\n<p>8.1\u00a0\u00a0\u00a0\u00a0 Bij, of zo spoedig mogelijk na, het verlenen van de opdracht, verstrekt de opdrachtgever aan het expertisebureau al die gegevens en inlichtingen, die nodig zijn voor een behoorlijke uivoering van de opdracht. Met name dient de opdrachtgever, indien het expertisebureau dat verlangt en op de door het expertisebureau daartoe aangegeven wijze, schriftelijke informatie aan het expertisebureau te verstrekken.<\/p>\n<p>8.2\u00a0\u00a0\u00a0\u00a0 Het expertisebureau moet er vanuit kunnen gaan, dat die gegevens correct en volledig zijn. Mocht(en) het expertisebureau en\/of door haar aangewezen deskundigen, als bedoeld in artikel 5, als gevolg van onjuistheid en\/of onvolledigheid van die gegevens schade lijden, dan is de opdrachtgever gehouden die schade aan de benadeelde(n) te vergoeden.<\/p>\n<p><strong>9 \u00a0 \u00a0 \u00a0 TUSSENTIJDSE BEEINDIGING<\/strong><\/p>\n<p>9.1\u00a0\u00a0\u00a0\u00a0 Op grond van (een) voor haar dringende reden(en) zal het expertisebureau de verdere uitvoering van de\u00a0 reeds aanvaarde opdracht mogen be\u00ebindigen zonder de verplichting tot vergoeding van schade, welke dientengevolge door de opdrachtgever mocht worden geleden, en onder het uitbrengen aan de opdrachtgever van een mondeling of schriftelijk \u2013 zulks ter keuzen van het expertisebureau \u2013 verslag over de reeds verrichte werkzaamheden.<\/p>\n<p>9.2\u00a0\u00a0\u00a0\u00a0 De opdrachtgever zal aan het expertisebureau de reeds gemaakte kosten en werkzaamheden vergoeden, waarbij de bepalingen van art. 13 toepassing zullen vinden.<\/p>\n<p><strong>10 \u00a0 \u00a0 \u00a0 BEEINDIGING EN ONTBINDING<\/strong><\/p>\n<p>10.1\u00a0\u00a0 Het expertisebureau is gerechtigd om haar werkzaamheden onmiddellijk te be\u00ebindigen en de overeenkomst, voor het nog niet uitgevoerde gedeelte daarvan, te ontbinden, door een schriftelijke verklaring aan de opdrachtgever zonder dat enige rechterlijke tussenkomst is vereist, onverminderd haar recht op vergoeding van kosten, schaden en rente, indien de opdrachtgever:<\/p>\n<ol>\n<li>in staat van faillissement is verklaard, tot boedelafstand overgaat, een verzoek tot surseance van betaling indient, danwel beslag op het geheel of een gedeelte van zijn eigendom wordt gelegd of overgaat tot gedeeltelijke of gehele liquidatie van zijn bedrijf;<\/li>\n<li>komt te overlijden of onder curatele wordt gesteld, danwel ingeval het een rechtspersoon betreft, een besluit tot ontbinding wordt genomen;<\/li>\n<li>bij beslag van welke aard dan ook;<\/li>\n<li>enige uit kracht der wet of van deze voorwaarden op hem rustende verplichting niet nakomt;<\/li>\n<li>nalaat een factuurbedrag of een gedeelte daarvan binnen de daarvoor gestelde termijn te voldoen, danwel overigens \u00e9\u00e9n of meer van zijn verplichtingen jegens het expertisebureau niet nakomt;<\/li>\n<li>overgaat tot staking of overdracht van zijn bedrijf of een belangrijk gedeelte daarvan, daaronder begrepen de inbreng van zijn bedrijf in een op te richten vennootschap, danwel overgaat tot wijziging in de doelstelling van zijn bedrijf;<\/li>\n<li>in algemene zin in al die gevallen waarin, na het sluiten van de overeenkomst, aan het expertisebureau omstandigheden ter kennis komen die haar goede grond geven te vrezen dat de opdrachtgever zijn verplichtingen niet zal nakomen.<\/li>\n<\/ol>\n<p>10.2\u00a0\u00a0 Indien de opdrachtgever, nadat \u00e9\u00e9n of meer van voornoemde gevallen zich heeft voorgedaan en het expertisebureau om die reden haar werkzaamheden heeft be\u00ebindigd, alsnog zijn verplichtingen jegens het expertisebureau nakomt, zal het expertisebureau slechts gehouden zijn mondeling of schriftelijk \u2013 zulks te harer keuzen \u2013 verslag te doen van de reeds verrichte werkzaamheden.<\/p>\n<p>10.3\u00a0\u00a0 In de lid 1 genoemde gevallen is het expertisebureau tevens gerechtigd, te harer keuze, de nakoming van haar verplichtingen op te schorten totdat zij het verschuldigde bedrag, met eventuele rente en kosten, geheel heeft ontvangen.<\/p>\n<p><strong>11 \u00a0 \u00a0 \u00a0RAPPORT<\/strong><\/p>\n<p>11.1\u00a0\u00a0 Aan het slot van de uitvoering van de opdracht brengt het expertisebureau aan de opdrachtgever schriftelijk rapport uit van haar bevindingen.<\/p>\n<p>11.2\u00a0\u00a0 Telkens wanneer het expertisebureau dat nodig acht, dan wel partijen dat hebben afgesproken, brengt het expertisebureau tussenrapport aan de opdrachtgever uit.<\/p>\n<p><strong>12\u00a0\u00a0\u00a0\u00a0\u00a0 BEEINDIGING EN BEWAARPLICHT<\/strong><\/p>\n<p>12.1\u00a0\u00a0 De werkzaamheden van het expertisebureau eindigen (behoudens het geval van tussentijdse be\u00ebindiging als omschreven in art. 10) met de indiening van het eindrapport met betrekking tot de door haar aanvaarde opdracht.<\/p>\n<p>12.2\u00a0\u00a0 Het expertisebureau zal alle gegevens, correspondentie, documenten en dergelijke stukken, die betrekking hebben op het aanvaarden en uitvoeren van de opdracht, gedurende een termijn van vijf jaren na de indiening van het rapport bewaren; overige materi\u00eble zaken, die betrekking hebben op het onderwerp van de opdracht, zullen door het expertisebureau niet langer dan twaalf maanden na de indiening van het rapport behoeven te worden bewaard.<\/p>\n<p><strong>13\u00a0\u00a0\u00a0\u00a0\u00a0 BETALING<\/strong><\/p>\n<p>13.1\u00a0\u00a0 Tenzij schriftelijk anders overeengekomen, dient betaling plaats te vinden, zonder enige korting, middels storting of overmaking op een door het expertisebureau aangewezen (post)bankrekening, binnen 30 dagen na factuurdatum. De op het (post)bankrekeningafschrift aangegeven valutadatum is bepalend en wordt derhalve als betalingsdag aangemerkt.<\/p>\n<p>13.2\u00a0\u00a0 Het expertisebureau heeft het recht te alle tijde vooruitbetaling, contante betaling, danwel zekerheid voor de betaling te verlangen.<\/p>\n<p>13.3\u00a0\u00a0 Indien de opdrachtgever niet binnen 10 werkdagen volgend op factuurdatum heeft gereclameerd wordt de factuur geacht te zijn aanvaard en erkend.<\/p>\n<p>13.4\u00a0\u00a0 Iedere betaling van de opdrachtgever strekt primair ter voldoening van de door hem verschuldigde interest, alsmede van de door het expertisebureau gemaakte invorderingskosten en\/of administratiekosten en wordt daarna in mindering gebracht op de oudste openstaande vordering.<\/p>\n<p>13.5\u00a0\u00a0 Indien zich \u00e9\u00e9n der in artikel 10 lid 1 genoemde omstandigheden voordoet, is de opdrachtgever door het enkel plaatsgrijpen van \u00e9\u00e9n der voornoemde omstandigheden, van rechtswege in verzuim. Alle vorderingen van het expertisebureau op de opdrachtgever worden in dat geval terstond opeisbaar.<\/p>\n<p><strong>14\u00a0\u00a0\u00a0\u00a0\u00a0 RENTE EN KOSTEN<\/strong><\/p>\n<p>14.1\u00a0\u00a0 Indien de betalingstermijn wordt overschreden, is de opdrachtgever van rechtswege in verzuim en is het expertisebureau gerechtigd vanaf de factuurdatum een rente van 1,5{d833bfb0c39c1be262a5d4d2d9b02ada91ce6bf1d2f0a86657e9198b8f9726f2} per maand, danwel de wettelijke rente indien deze hoger is, aan de opdrachtgever in rekening te brengen, waarbij een gedeelte van een maand voor een gehele maand wordt gerekend.<\/p>\n<p>14.2\u00a0\u00a0 Bij niet, of niet-tijdige betaling of niet-nakoming van \u00e9\u00e9n van de ander verplichtingen van de opdrachtgever, is de opdrachtgever, buiten het factuurbedrag en de rente, alle incassokosten, zowel de gerechtelijke als de buitengerechtelijke, die door de niet-betaling of niet-nakoming zijn veroorzaakt, aan het expertisebureau verschuldigd. De buitengerechtelijke incassokosten bedragen tenminste 15{d833bfb0c39c1be262a5d4d2d9b02ada91ce6bf1d2f0a86657e9198b8f9726f2} van het met inbegrip van de vorengenoemde rente, door de opdrachtgever verschuldigde bedrag, met een minimum van \u20ac 150,- en zijn verschuldigd in ieder geval, waarin het expertisebureau zich voor de invordering van de hulp van een derde heeft verzekerd. Reeds door het inschakelen van een derde blijkt de grootte van en de gehoudenheid van betaling door de opdrachtgever van de buitengerechtelijke incassokosten, zonder dat het expertisebureau gehouden is aan te tonen dat zij deze kosten daadwerkelijk heeft gemaakt.<\/p>\n<p><strong>15\u00a0\u00a0\u00a0\u00a0\u00a0 AANSPRAKELIJKHEID<\/strong><\/p>\n<p>15.1\u00a0\u00a0 Het expertisebureau is jegens de opdrachtgever nimmer aansprakelijk, indien de opdracht voldoet aan het in artikel 2 alsmede aan het in artikel 4 bepaalde; zulks met inachtneming van het nader in dit artikel en in artikel 16 bepaalde.<\/p>\n<p>15.2\u00a0\u00a0 Behoudens aansprakelijkheid van het expertisebureau krachtens dwingendrechtelijke bepalingen en algemeen geldende regels van redelijkheid en billijkheid is het expertisebureau niet aansprakelijk voor en derhalve nimmer verplicht tot vergoeding van middellijk of onmiddellijk geleden schade van welke aard dan ook, direct of indirect, waaronder bedrijfsschade aan roerende of onroerende zaken, danwel aan personen zowel bij de opdrachtgever als bij derden ontstaan ten gevolge van:<\/p>\n<ol>\n<li>ondeugdelijke condities, als bedoeld in artikel 7 en onjuiste en\/of onvolledige gegevens, als bedoeld in artikel 8;<\/li>\n<li>onjuiste en\/of onvolledige gegevens, als bedoeld in artikel 8, meer speciaal waar het betreft de door het expertisebureau verlangde gegevens, voor zover het expertisebureau de omstandigheden, ter verkrijging van zodanige gegevens, redelijkerwijs niet heeft kunnen waarnemen;<\/li>\n<li>door het expertisebureau niet verrichte werkzaamheden, voor zover het expertisebureau die werkzaamheden, in het kader van het in artikel 2 alsmede in artikel 4 bepaalde, redelijkerwijs niet behoefde te verrichten;<\/li>\n<li>fouten en\/of vertragingen, ontstaan door de incorrecte werking van apparatuur, die door het expertisebureau bij de uitvoering van de opdracht wordt gebruikt, tenzij de opdrachtgever aannemelijk maakt dat het expertisebureau in de zorg voor die apparatuur is tekort geschoten. Deze uitsluiting geldt zowel in het geval de bedoelde incorrecte werking is veroorzaakt door het uitvallen of haperen in de stroomvoorziening en\/of andere van buiten de apparatuur komende oorzaken, waarvan het expertisebureau de voorkoming niet in de hand heeft, als door gebreken van de apparatuur, inclusief eventuele software, zelf;<\/li>\n<li>het niet of niet tijdig gereed komen van het rapport;<\/li>\n<li>de verrichtingen en handelingen van de in het kader van artikel 5 van deze algemene voorwaarden aangewezen deskundigen.<\/li>\n<\/ol>\n<p>15.3\u00a0\u00a0 Het expertisebureau is evenmin aansprakelijk voor schade veroorzaakt aan, door of vanwege de opdrachtgever ter beschikking gestelde apparatuur en andere zaken.<\/p>\n<p>15.4\u00a0\u00a0 De opdrachtgever vrijwaart het expertisebureau voor aanspraken van derden ter zake van schade aan, door of vanwege de opdrachtgever ter beschikking gestelde apparatuur en andere zaken voor de uitvoering van de werkzaamheden door het expertisebureau, alsook ter zaken van schade aan te inspecteren zaken.<\/p>\n<p>15.5\u00a0\u00a0 Voor indirecte schade is het expertisebureau nimmer aansprakelijk.<\/p>\n<p><strong>16\u00a0\u00a0\u00a0\u00a0\u00a0 AANSPRAKELIJKHEIDSBEPERKING EN VERJARING<\/strong><\/p>\n<p>16.1\u00a0\u00a0 Eventuele aansprakelijkheid van het expertisebureau is in alle gevallen beperkt tot het bedrag dat ingevolge de beroepsaansprakelijkheidsverzekering van het expertisebureau in het desbetreffende geval wordt uitgekeerd. Eventuele samenloop van opdrachten wordt in dit verband als \u00e9\u00e9n geval aangemerkt.<\/p>\n<p>16.2\u00a0\u00a0 Iedere vordering tegen het expertisebureau verjaart \u00e9\u00e9n jaar na datum van indiening van het rapport bij de opdrachtgever.<\/p>\n<p><strong>17\u00a0\u00a0\u00a0\u00a0\u00a0 VRIJWARING<\/strong><\/p>\n<p>De opdrachtgever vrijwaart het expertisebureau tegen alle aanspraken van derden, zowel ter zake van de uitvoering van de opdracht, als ter zake van het door het expertisebureau uitgebrachte rapport.<\/p>\n<p><strong>18\u00a0\u00a0\u00a0\u00a0\u00a0 TOEPASSELIJK RECHT EN GESCHILLEN<\/strong><\/p>\n<p>18.1\u00a0\u00a0 Op alle aanbiedingen, aanvragen, opdrachten en overeenkomsten van, alsmede op de uitvoering van opdrachten door het expertisebureau is het Nederlands recht van toepassing.<\/p>\n<p>18.2\u00a0\u00a0 Alle geschillen, waaronder begrepen die welke slechts door \u00e9\u00e9n der partijen als zodanig beschouwd worden, voortvloeiende uit of verband houdende met de overeenkomst waarop deze voorwaarden van toepassing zijn, zowel van feitelijke als van juridische aard, zullen worden beslecht door middel van arbitrage, overeenkomstig de regels van het Nederlands Arbitrage Instituut.<\/p>\n<p>18.3\u00a0\u00a0 Door deze arbitrage clausule wordt niet uitgesloten de bevoegdheid van partijen om zich, voor spoedeisende aangelegenheden, te wenden tot de President van de Arrondissementsrechtbank in kort geding, in welk verband slechts de President van de Arrondissementsrechtbank binnen het vestigingsgebied van het desbetreffende expertisebureau bevoegd is, en om over te gaan tot het nemen van conservatoire maatregelen en de middelen om die in stand te houden.<\/p>\n<p>18.4\u00a0\u00a0 Door deze arbitrale clausule wordt evenmin uitgesloten de bevoegdheid van het expertisebureau om zich ter invordering van een factuur en de daarmee gerelateerde interest en incassokosten, in het geval dat ingevolge artikel 13 en 14 de betalingstermijn van een factuur wordt overschreden, te wenden tot de bevoegde Burgerlijke Rechter, in welk verband slechts de Burgerlijke Rechter binnen het vestigingsgebied van het desbetreffende expertisebureau bevoegd is, voor zover de wettelijke bepalingen dit toestaan.<\/p>\n<p>18.5\u00a0\u00a0 Het in lid 4 en lid 5 van dit artikel bepaalde laat onverlet het recht van het expertisebureau om het geschil voor te leggen aan de volgens de normale competentieregels bevoegde President van de Arrondissementsrechtbank of Burgerlijke Rechter.<\/p>\n<p><strong>19\u00a0\u00a0\u00a0\u00a0\u00a0 NEDERLANDSTALIGE EN ENGELSTALIGE VERSIE<\/strong><\/p>\n<p>19.1\u00a0\u00a0 Van deze voorwaarden bestaat zowel een Nederlandstalige als een Engelstalige versie.<\/p>\n<p>19.2\u00a0\u00a0 Bij discrepantie tussen deze versies is hetgeen de Nederlandstalige versie bepaalt doorslaggevend met terzijdestelling van het bepaalde in de Engelstalige versie.<\/p>\n<p><strong>Deze algemene voorwaarden zijn gedeponeerd ter griffie van de Arrondissementsrechtbank te Amsterdam op 3 juni 2009 onder nummer 45\/2009 en ter griffie van de Arrondissementsrechtbank te Rotterdam op 2 juni 2009 onder nummer 33\/2009.<\/strong><\/p>\n<p><strong>VOORWAARDEN BOUWKUNDIGE OPNAMEN<\/strong><\/p>\n<p><strong>OPNAMEMETHODE<\/strong><\/p>\n<p>Ter herkenning wordt bij aanvang het huisnummer gefotografeerd. De opname van het exterieur wordt per gevel ge\u00efnspecteerd. Voor de situering van de gevels wordt over het algemeen de gevel aan de straatzijde als voorgevel aangehouden.<\/p>\n<p>Bij de opname van het interieur wordt van beneden naar boven gewerkt, waarbij alle vertrekken afzonderlijk worden benoemd. Wanneer er bijvoorbeeld gesproken wordt over een kamer links voor, moet dit worden gezien vanuit de positie staande met het gezicht naar de ruimte toe. Voor de situering van de wanden wordt verwezen naar vaste punten zoals ramen, deuren of naastliggende vertrekken. Ook kunnen er verwijzingen worden gemaakt naar naastliggende panden en\/of gevels.<\/p>\n<p><strong>BEPERKINGEN OPNAME<\/strong><\/p>\n<p>De opname wordt uitgevoerd zonder gebruikmaking van hulpmiddelen zoals instrumenten, ladders, steigers en dergelijke. Vlieringen, kruipruimten en\/of andere ruimten die niet toegankelijk zijn met een vaste trap, worden standaard niet ge\u00efnspecteerd. Ruimten die een veiligheidsrisico vormen voor de experts van TwinWind, worden ook uitgesloten van een inspectie.<\/p>\n<p>De opname beperkt zich tot de direct zichtbare (onder)delen van de opgenomen bebouwing. Gebreken of constructie-fouten onder\/achter wand-, vloer- en\/of plafondafwerkingen, vormen geen onderdeel van de opname, tenzij deze zich duidelijk aftekenen in de voornoemde afwerking. Indien dat relevant is, worden de aanwezige wand-, vloer- en\/of plafond-afwerkingen vermeld die demontabel ofwel verwijderbaar zijn. Enkele voorbeelden zijn houten vloeren, voorzetwanden of verlaagde plafonds. De aanwezige roerende goederen die de inspectie beperken, zoals meubilair, schilderijen, vloerbedekking, stellingen, planten, begroeiing en dergelijke, worden tijdens de opname niet verplaatst.<\/p>\n<p>Er dient rekening te worden gehouden met het feit, dat sommige gebreken, bijvoorbeeld haarscheurtjes in pleisterwerk, niet altijd zichtbaar zijn. Dat is sterk afhankelijk van de lichtsterkte en lichtval. Hetzelfde geldt voor gebreken in metselwerk door bijvoorbeeld terugliggende voegen.<\/p>\n<p>Indien waarneembaar is dat een object niet waterpas ligt of uit het lood staat, wordt hiervan een vermelding gemaakt, zonder dat hiertoe metingen worden uitgevoerd<\/p>\n<p>Indien de eigenaar\/bewoner geen toestemming verleent voor de opname van een bepaalde ruimte of als onderdelen niet toegankelijk zijn, wordt hiervan melding gemaakt in het rapport.<\/p>\n<p>TwinWind beschouwt de opgemaakte rapportage als afgerond, ook als een deel van de bebouwing\u00a0als gevolg van bovenstaande oorzaken niet wordt ge\u00efnspecteerd.<\/p>\n<p><strong>BEELDMATERIAAL<\/strong><\/p>\n<p>Naast een overzicht van de gevels worden de geconstateerde gebreken zoveel mogelijk ondersteund met beeldmateriaal. Bij de opname van de infrastructuur wordt de toestand van het gebied in kaart gebracht door middel van beeldmateriaal alleen.<\/p>\n<p>Fijne scheurvorming in gestukadoorde en\/of geschilderde plafonds worden wel beschreven, maar niet altijd in detail op beeldmateriaal vastgelegd.<\/p>\n<p><strong>KRIMPSCHEUREN \/ NORMAAL VOORKOMENDE GEBREKEN<\/strong><\/p>\n<p>Krimpscheuren zijn de te verwachten naden\/scheuren bij aansluitingen van houtachtige materialen op steenachtige materialen, bij onderlinge aansluiting van houtwerkdelen\/betimmeringen en bij de overgang van gestukadoorde plafonds op muren. Deze naden\/scheuren worden daarom beschouwd als normaal voorkomende gebreken en worden niet altijd specifiek vermeld in het rapport.<\/p>\n<p><strong>DEFINITIE SCHEURVOMINGEN<\/strong><\/p>\n<p>Haarscheur\u00a0\u00a0\u00a0\u00a0\u00a0\u00a0 &#8211;\u00a0\u00a0\u00a0\u00a0\u00a0\u00a0\u00a0\u00a0\u00a0\u00a0\u00a0\u00a0\u00a0\u00a0\u00a0\u00a0\u00a0\u00a0\u00a0\u00a0\u00a0\u00a0 scheurwijdte van circa 0,1 mm<\/p>\n<p>Lichte scheur\u00a0\u00a0\u00a0 &#8211;\u00a0\u00a0\u00a0\u00a0\u00a0\u00a0\u00a0\u00a0\u00a0\u00a0\u00a0\u00a0\u00a0\u00a0\u00a0\u00a0\u00a0\u00a0\u00a0\u00a0\u00a0\u00a0 scheurwijdte van circa 0,5 &#8211; 1 mm<\/p>\n<p>Matige scheur\u00a0\u00a0 &#8211;\u00a0\u00a0\u00a0\u00a0\u00a0\u00a0\u00a0\u00a0\u00a0\u00a0\u00a0\u00a0\u00a0\u00a0\u00a0\u00a0\u00a0\u00a0\u00a0\u00a0\u00a0\u00a0 scheurwijdte van circa 1 &#8211; 3 mm<\/p>\n<p>Zware scheur\u00a0\u00a0\u00a0 &#8211;\u00a0\u00a0\u00a0\u00a0\u00a0\u00a0\u00a0\u00a0\u00a0\u00a0\u00a0\u00a0\u00a0\u00a0\u00a0\u00a0\u00a0\u00a0\u00a0\u00a0\u00a0\u00a0 scheurwijdte groter dan 3 mm<\/p>\n<p>Craquel\u00e9 \u00a0 \u00a0 \u00a0 \u00a0 \u00a0 \u00a0&#8211;\u00a0\u00a0\u00a0\u00a0\u00a0\u00a0\u00a0\u00a0\u00a0\u00a0\u00a0\u00a0\u00a0\u00a0\u00a0\u00a0\u00a0\u00a0\u00a0\u00a0\u00a0\u00a0 scheurvorming die zich netvormig vertakt (veelal haarscheuren)<\/p>\n<p><strong>Deze voorwaarden zijn opgemaakt te Woudrichem op 15 juli 2015.<\/strong><\/p>\n","protected":false},"excerpt":{"rendered":"<p>LEVERINGSVOORWAARDEN VOOR OPDRACHTEN AAN EXPERTS EN TAXATEURS 1 \u00a0 \u00a0 \u00a0 \u00a0ALGEMEEN 1.1\u00a0\u00a0\u00a0\u00a0 De onderhavige voorwaarden zijn, tenzij uitdrukkelijk schriftelijk anders is overeengekomen, van toepassing op alle aanbiedingen, aanvragen, opdrachten en overeenkomsten, alsmede op de uitvoering van opdrachten door het expertisebureau, alsmede op al hetgeen zich, naar aanleiding van of in verband met die aanbiedingen en\/of opdrachten, mocht voordoen. 1.2\u00a0\u00a0\u00a0\u00a0 [&hellip;]<\/p>\n","protected":false},"author":1,"featured_media":0,"parent":0,"menu_order":0,"comment_status":"closed","ping_status":"closed","template":"","meta":{"footnotes":""},"class_list":["post-243","page","type-page","status-publish","hentry"],"_links":{"self":[{"href":"https:\/\/www.twinwind.nl\/index.php?rest_route=\/wp\/v2\/pages\/243","targetHints":{"allow":["GET"]}}],"collection":[{"href":"https:\/\/www.twinwind.nl\/index.php?rest_route=\/wp\/v2\/pages"}],"about":[{"href":"https:\/\/www.twinwind.nl\/index.php?rest_route=\/wp\/v2\/types\/page"}],"author":[{"embeddable":true,"href":"https:\/\/www.twinwind.nl\/index.php?rest_route=\/wp\/v2\/users\/1"}],"replies":[{"embeddable":true,"href":"https:\/\/www.twinwind.nl\/index.php?rest_route=%2Fwp%2Fv2%2Fcomments&post=243"}],"version-history":[{"count":7,"href":"https:\/\/www.twinwind.nl\/index.php?rest_route=\/wp\/v2\/pages\/243\/revisions"}],"predecessor-version":[{"id":935,"href":"https:\/\/www.twinwind.nl\/index.php?rest_route=\/wp\/v2\/pages\/243\/revisions\/935"}],"wp:attachment":[{"href":"https:\/\/www.twinwind.nl\/index.php?rest_route=%2Fwp%2Fv2%2Fmedia&parent=243"}],"curies":[{"name":"wp","href":"https:\/\/api.w.org\/{rel}","templated":true}]}}